{"id":191,"date":"2021-01-15T10:52:34","date_gmt":"2021-01-15T10:52:34","guid":{"rendered":"http:\/\/lugemispesa.eu\/ru\/?page_id=191"},"modified":"2021-02-01T01:04:19","modified_gmt":"2021-02-01T01:04:19","slug":"kontaktid-ja-toetajad","status":"publish","type":"page","link":"https:\/\/lugemispesa.eu\/ru\/info\/kontaktid-ja-toetajad\/","title":{"rendered":"KONTAKTID JA TOETAJAD"},"content":{"rendered":"<div id=\"pl-191\"  class=\"panel-layout\" ><div id=\"pg-191-0\"  class=\"panel-grid panel-no-style\" ><div id=\"pgc-191-0-0\"  class=\"panel-grid-cell panel-grid-cell-empty panel-grid-cell-mobile-last\" ><\/div><div id=\"pgc-191-0-1\"  class=\"panel-grid-cell panel-grid-cell-empty\" ><\/div><\/div><div id=\"pg-191-1\"  class=\"panel-grid panel-no-style\" ><div id=\"pgc-191-1-0\"  class=\"panel-grid-cell panel-grid-cell-empty\" ><\/div><div id=\"pgc-191-1-1\"  class=\"panel-grid-cell panel-grid-cell-mobile-last\" ><div id=\"panel-191-1-1-0\" class=\"so-panel widget widget_black-studio-tinymce widget_black_studio_tinymce panel-first-child panel-last-child\" data-index=\"0\" ><div class=\"textwidget\"><h2 style=\"text-align: center;\">\u041a\u041e\u041d\u0422\u0410\u041a\u0422\u042b \u0418 \u0421\u0422\u041e\u0420\u041e\u041d\u041d\u0418\u041a\u0418<\/h2>\n<p>&nbsp;<\/p>\n<h4 style=\"text-align: center;\">\u042d\u0441\u0442\u043e\u043d\u0441\u043a\u043e\u0435 \u043e\u0431\u0449\u0435\u0441\u0442\u0432\u043e \u0447\u0442\u0435\u043d\u0438\u044f<\/h4>\n<h4 style=\"text-align: center;\"><a href=\"https:\/\/lugemispesa.eu\/ru\/\"><strong>www.lugemisyhing.ee<\/strong><\/a><\/h4>\n<h4 style=\"text-align: center;\">\u041f\u0440\u043e\u0435\u043a\u0442 Lugemispesa \u2013 \u043f\u0440\u043e\u0435\u043a\u0442 \u042d\u0441\u0442\u043e\u0441\u043a\u043e\u0433\u043e \u043e\u0431\u0449\u0435\u0441\u0442\u0432\u0430 \u0447\u0442\u0435\u043d\u0438\u044f \u043f\u043e \u0440\u0430\u0437\u0432\u0438\u0442\u0438\u044e \u0433\u0440\u0430\u043c\u043e\u0442\u043d\u043e\u0441\u0442\u0438<\/h4>\n<p>&nbsp;<\/p>\n<p><img class=\"aligncenter size-thumbnail wp-image-160\" src=\"http:\/\/lugemispesa.eu\/ru\/wp-content\/uploads\/2021\/01\/LUGEMISPESA-350x350-1-150x150.png\" alt=\"\" width=\"150\" height=\"150\" \/><\/p>\n<p style=\"text-align: center;\">\n<h4 style=\"text-align: center;\">\u041c\u0435\u044d\u043b\u0438 \u041f\u0430\u043d\u0434\u0438\u0441<br \/>\n<em>\u0420\u0443\u043a\u043e\u0432\u043e\u0434\u0438\u0442\u0435\u043b\u044c \u043f\u0440\u043e\u0435\u043a\u0442\u0430<\/em><br \/>\n<a href=\"mailto:meeli.pandis@gmail.com\" target=\"_blank\" rel=\"noopener\">meeli.pandis@gmail.com<\/a><\/p>\n<p>\u041c\u0430\u0439\u043b\u0438 \u041b\u0438\u0439\u043d\u0435\u0432<br \/>\n<em>\u0420\u0443\u043a\u043e\u0432\u043e\u0434\u0438\u0442\u0435\u043b\u044c \u043f\u0440\u043e\u0435\u043a\u0442\u0430<\/em><br \/>\n<a href=\"mailto:maili@hooling.ee\" target=\"_blank\" rel=\"noopener\">maili@hooling.ee<\/a><\/h4>\n<p>&nbsp;<\/p>\n<p>&nbsp;<\/p>\n<h4 style=\"text-align: center;\"><\/h4>\n<h4 style=\"text-align: center;\">\u0422\u0440\u0435\u043d\u0435\u0440\u043e\u0432:<\/p>\n<p>\u041a\u0430\u0434\u0438 \u041b\u0443\u043a\u0430\u043d\u0435\u043d\u043e\u043a<br \/>\n\u041c\u0430\u0440\u0435 \u041c\u044e\u044e\u0440\u0441\u0435\u043f\u043f<br \/>\n\u0421\u0430\u0439\u043c\u0430 \u0421\u0430\u043b\u043e\u043c\u043e\u043d<br \/>\n\u041c\u0430\u0440\u0438\u044f \u042e\u0440\u0438\u043c\u044f\u044d<br \/>\n\u041a\u0430\u0439\u044f \u041a\u0438\u0432\u0438\u0441\u0438\u043a\u043a<br \/>\n\u0410\u043d\u043d\u0435\u043b\u0438 \u041b\u0430\u0430\u043c\u0430\u043d\u043d<br \/>\n\u041c\u0430\u0439\u043b\u0438 \u041b\u0438\u0439\u043d\u0435\u0432<\/h4>\n<p>&nbsp;<\/p>\n<h4 style=\"text-align: center;\">\u0421\u041f\u041e\u041d\u0421\u041e\u0420\u042b \u0418 \u041f\u0410\u0420\u0422\u041d\u0415\u0420\u042b:<\/h4>\n<h4 style=\"text-align: center;\"><a href=\"https:\/\/www.nordplusonline.org\/\" target=\"_blank\" rel=\"noopener\">NordPlus<\/a><\/h4>\n<h4 style=\"text-align: center;\"><a href=\"https:\/\/www.britishcouncil.org\/\" target=\"_blank\" rel=\"noopener\">British Council<\/a><\/h4>\n<h4 style=\"text-align: center;\"><a href=\"https:\/\/www.tallinn.ee\/Teenus-Mittetulundustegevuse-toetamine-Kodurahuprogramm\" target=\"_blank\" rel=\"noopener\">Tallinna Kodurahu<\/a><\/h4>\n<h4 style=\"text-align: center;\"><a href=\"https:\/\/www.hooling.ee\/\" target=\"_blank\" rel=\"noopener\">MT\u00dc Hooling<\/a><\/h4>\n<p><div class=\"eds-animate edsanimate-sis-hidden \" data-eds-entry-animation=\"fadeInUp\" data-eds-entry-delay=\"1\" data-eds-entry-duration=\"1.5\" data-eds-entry-timing=\"linear\" data-eds-exit-animation=\"\" data-eds-exit-delay=\"\" data-eds-exit-duration=\"\" data-eds-exit-timing=\"\" data-eds-repeat-count=\"1\" data-eds-keep=\"yes\" data-eds-animate-on=\"load\" data-eds-scroll-offset=\"\"><img class=\"wp-image-216 aligncenter\" src=\"http:\/\/lugemispesa.eu\/ru\/wp-content\/uploads\/2021\/01\/Lugemispesa-toetajate-logod.png\" alt=\"\" width=\"989\" height=\"180\" \/><\/div><\/p>\n<\/div><\/div><\/div><div id=\"pgc-191-1-2\"  class=\"panel-grid-cell panel-grid-cell-empty\" ><\/div><\/div><\/div>","protected":false},"excerpt":{"rendered":"<p>\u041a\u041e\u041d\u0422\u0410\u041a\u0422\u042b \u0418 \u0421\u0422\u041e\u0420\u041e\u041d\u041d\u0418\u041a\u0418 &nbsp; \u042d\u0441\u0442\u043e\u043d\u0441\u043a\u043e\u0435 \u043e\u0431\u0449\u0435\u0441\u0442\u0432\u043e \u0447\u0442\u0435\u043d\u0438\u044f www.lugemisyhing.ee \u041f\u0440\u043e\u0435\u043a\u0442 Lugemispesa \u2013 \u043f\u0440\u043e\u0435\u043a\u0442 \u042d\u0441\u0442\u043e\u0441\u043a\u043e\u0433\u043e \u043e\u0431\u0449\u0435\u0441\u0442\u0432\u0430 \u0447\u0442\u0435\u043d\u0438\u044f \u043f\u043e \u0440\u0430\u0437\u0432\u0438\u0442\u0438\u044e \u0433\u0440\u0430\u043c\u043e\u0442\u043d\u043e\u0441\u0442\u0438 &nbsp; \u041c\u0435\u044d\u043b\u0438 \u041f\u0430\u043d\u0434\u0438\u0441 \u0420\u0443\u043a\u043e\u0432\u043e\u0434\u0438\u0442\u0435\u043b\u044c \u043f\u0440\u043e\u0435\u043a\u0442\u0430 meeli.pandis@gmail.com \u041c\u0430\u0439\u043b\u0438 \u041b\u0438\u0439\u043d\u0435\u0432 \u0420\u0443\u043a\u043e\u0432\u043e\u0434\u0438\u0442\u0435\u043b\u044c \u043f\u0440\u043e\u0435\u043a\u0442\u0430 maili@hooling.ee &nbsp; &nbsp; \u0422\u0440\u0435\u043d\u0435\u0440\u043e\u0432: \u041a\u0430\u0434\u0438 \u041b\u0443\u043a\u0430\u043d\u0435\u043d\u043e\u043a \u041c\u0430\u0440\u0435 \u041c\u044e\u044e\u0440\u0441\u0435\u043f\u043f \u0421\u0430\u0439\u043c\u0430 \u0421\u0430\u043b\u043e\u043c\u043e\u043d \u041c\u0430\u0440\u0438\u044f \u042e\u0440\u0438\u043c\u044f\u044d \u041a\u0430\u0439\u044f \u041a\u0438\u0432\u0438\u0441\u0438\u043a\u043a \u0410\u043d\u043d\u0435\u043b\u0438 \u041b\u0430\u0430\u043c\u0430\u043d\u043d \u041c\u0430\u0439\u043b\u0438 \u041b\u0438\u0439\u043d\u0435\u0432 &nbsp; \u0421\u041f\u041e\u041d\u0421\u041e\u0420\u042b \u0418 \u041f\u0410\u0420\u0422\u041d\u0415\u0420\u042b: NordPlus British Council Tallinna Kodurahu &hellip;<\/p>\n<p class=\"read-more\"> <a class=\"\" href=\"https:\/\/lugemispesa.eu\/ru\/info\/kontaktid-ja-toetajad\/\"> <span class=\"screen-reader-text\">KONTAKTID JA TOETAJAD<\/span> Read More &raquo;<\/a><\/p>\n","protected":false},"author":1,"featured_media":40,"parent":180,"menu_order":0,"comment_status":"closed","ping_status":"closed","template":"elementor_header_footer","meta":{"footnotes":""},"yoast_head":"<!-- This site is optimized with the Yoast SEO plugin v21.2 - https:\/\/yoast.com\/wordpress\/plugins\/seo\/ -->\n<title>Lugemispesa kontaktid, toetajad ja koost\u00f6\u00f6partnerid<\/title>\n<meta name=\"description\" content=\"Lugemispesa on Eesti Lugemis\u00fchingu kirjaoskust toetav projekt. Toetajad: NordPlusBritish, Council, Tallinna Kodurahu, MT\u00dc Hooling\" \/>\n<meta name=\"robots\" content=\"index, follow, max-snippet:-1, max-image-preview:large, max-video-preview:-1\" \/>\n<link rel=\"canonical\" href=\"https:\/\/lugemispesa.eu\/ru\/info\/kontaktid-ja-toetajad\/\" \/>\n<meta property=\"og:locale\" content=\"en_US\" \/>\n<meta property=\"og:type\" content=\"article\" \/>\n<meta property=\"og:title\" content=\"Lugemispesa kontaktid, toetajad ja koost\u00f6\u00f6partnerid\" \/>\n<meta property=\"og:description\" content=\"Lugemispesa on Eesti Lugemis\u00fchingu kirjaoskust toetav projekt. Toetajad: NordPlusBritish, Council, Tallinna Kodurahu, MT\u00dc Hooling\" \/>\n<meta property=\"og:url\" content=\"https:\/\/lugemispesa.eu\/ru\/info\/kontaktid-ja-toetajad\/\" \/>\n<meta property=\"og:site_name\" content=\"\u0427\u0438\u0442\u0430\u0442\u0435\u043b\u044c\u0441\u043a\u043e\u0435 \u0413\u043d\u0435\u0437\u0434\u043e\" \/>\n<meta property=\"article:modified_time\" content=\"2021-02-01T01:04:19+00:00\" \/>\n<meta property=\"og:image\" content=\"https:\/\/lugemispesa.eu\/ru\/wp-content\/uploads\/2020\/12\/cropped-LUGEMISPESA-00.png\" \/>\n\t<meta property=\"og:image:width\" content=\"1056\" \/>\n\t<meta property=\"og:image:height\" content=\"1056\" \/>\n\t<meta property=\"og:image:type\" content=\"image\/png\" \/>\n<meta name=\"twitter:card\" content=\"summary_large_image\" \/>\n<meta name=\"twitter:label1\" content=\"Est. reading time\" \/>\n\t<meta name=\"twitter:data1\" content=\"1 minute\" \/>\n<script type=\"application\/ld+json\" class=\"yoast-schema-graph\">{\"@context\":\"https:\/\/schema.org\",\"@graph\":[{\"@type\":\"WebPage\",\"@id\":\"https:\/\/lugemispesa.eu\/ru\/info\/kontaktid-ja-toetajad\/\",\"url\":\"https:\/\/lugemispesa.eu\/ru\/info\/kontaktid-ja-toetajad\/\",\"name\":\"Lugemispesa kontaktid, toetajad ja koost\u00f6\u00f6partnerid\",\"isPartOf\":{\"@id\":\"https:\/\/lugemispesa.eu\/ru\/#website\"},\"datePublished\":\"2021-01-15T10:52:34+00:00\",\"dateModified\":\"2021-02-01T01:04:19+00:00\",\"description\":\"Lugemispesa on Eesti Lugemis\u00fchingu kirjaoskust toetav projekt. Toetajad: NordPlusBritish, Council, Tallinna Kodurahu, MT\u00dc Hooling\",\"breadcrumb\":{\"@id\":\"https:\/\/lugemispesa.eu\/ru\/info\/kontaktid-ja-toetajad\/#breadcrumb\"},\"inLanguage\":\"en-US\",\"potentialAction\":[{\"@type\":\"ReadAction\",\"target\":[\"https:\/\/lugemispesa.eu\/ru\/info\/kontaktid-ja-toetajad\/\"]}]},{\"@type\":\"BreadcrumbList\",\"@id\":\"https:\/\/lugemispesa.eu\/ru\/info\/kontaktid-ja-toetajad\/#breadcrumb\",\"itemListElement\":[{\"@type\":\"ListItem\",\"position\":1,\"name\":\"Home\",\"item\":\"https:\/\/lugemispesa.eu\/ru\/\"},{\"@type\":\"ListItem\",\"position\":2,\"name\":\"INFO\",\"item\":\"https:\/\/lugemispesa.eu\/ru\/info\/\"},{\"@type\":\"ListItem\",\"position\":3,\"name\":\"KONTAKTID JA TOETAJAD\"}]},{\"@type\":\"WebSite\",\"@id\":\"https:\/\/lugemispesa.eu\/ru\/#website\",\"url\":\"https:\/\/lugemispesa.eu\/ru\/\",\"name\":\"\u0427\u0438\u0442\u0430\u0442\u0435\u043b\u044c\u0441\u043a\u043e\u0435 \u0413\u043d\u0435\u0437\u0434\u043e\",\"description\":\"\u041f\u0440\u043e\u0435\u043a\u0442 \u042d\u0441\u0442\u043e\u043d\u0441\u043a\u043e\u0433\u043e \u043e\u0431\u0449\u0435\u0441\u0442\u0432\u0430 \u0447\u0442\u0435\u043d\u0438\u044f \u00abLugemispes\u0430\u00bb \u0431\u044b\u043b \u0437\u0430\u043f\u0443\u0449\u0435\u043d \u0432 2004 \u0433\u043e\u0434\u0443 \u0434\u043b\u044f \u0442\u043e\u0433\u043e\u0434\u0430\u0442\u044c \u0443\u0447\u0438\u0442\u0435\u043b\u044f\u043c \u043d\u043e\u0432\u044b\u0435 \u0437\u043d\u0430\u043d\u0438\u044f \u0438 \u043d\u0430\u0432\u044b\u043a\u0438, \u043a\u0430\u043a \u0441\u0434\u0435\u043b\u0430\u0442\u044c \u0447\u0442\u0435\u043d\u0438\u0435 \u0438\u043d\u0442\u0435\u0440\u0435\u0441\u043d\u044b\u043c \u0434\u043b\u044f \u0434\u0435\u0442\u0435\u0439.\",\"publisher\":{\"@id\":\"https:\/\/lugemispesa.eu\/ru\/#organization\"},\"potentialAction\":[{\"@type\":\"SearchAction\",\"target\":{\"@type\":\"EntryPoint\",\"urlTemplate\":\"https:\/\/lugemispesa.eu\/ru\/?s={search_term_string}\"},\"query-input\":\"required name=search_term_string\"}],\"inLanguage\":\"en-US\"},{\"@type\":\"Organization\",\"@id\":\"https:\/\/lugemispesa.eu\/ru\/#organization\",\"name\":\"\u0427\u0438\u0442\u0430\u0442\u0435\u043b\u044c\u0441\u043a\u043e\u0435 \u0413\u043d\u0435\u0437\u0434\u043e\",\"url\":\"https:\/\/lugemispesa.eu\/ru\/\",\"logo\":{\"@type\":\"ImageObject\",\"inLanguage\":\"en-US\",\"@id\":\"https:\/\/lugemispesa.eu\/ru\/#\/schema\/logo\/image\/\",\"url\":\"https:\/\/lugemispesa.eu\/ru\/wp-content\/uploads\/2020\/12\/cropped-LUGEMISPESA-00.png\",\"contentUrl\":\"https:\/\/lugemispesa.eu\/ru\/wp-content\/uploads\/2020\/12\/cropped-LUGEMISPESA-00.png\",\"width\":1056,\"height\":1056,\"caption\":\"\u0427\u0438\u0442\u0430\u0442\u0435\u043b\u044c\u0441\u043a\u043e\u0435 \u0413\u043d\u0435\u0437\u0434\u043e\"},\"image\":{\"@id\":\"https:\/\/lugemispesa.eu\/ru\/#\/schema\/logo\/image\/\"}}]}<\/script>\n<!-- \/ Yoast SEO plugin. -->","yoast_head_json":{"title":"Lugemispesa kontaktid, toetajad ja koost\u00f6\u00f6partnerid","description":"Lugemispesa on Eesti Lugemis\u00fchingu kirjaoskust toetav projekt. Toetajad: NordPlusBritish, Council, Tallinna Kodurahu, MT\u00dc Hooling","robots":{"index":"index","follow":"follow","max-snippet":"max-snippet:-1","max-image-preview":"max-image-preview:large","max-video-preview":"max-video-preview:-1"},"canonical":"https:\/\/lugemispesa.eu\/ru\/info\/kontaktid-ja-toetajad\/","og_locale":"en_US","og_type":"article","og_title":"Lugemispesa kontaktid, toetajad ja koost\u00f6\u00f6partnerid","og_description":"Lugemispesa on Eesti Lugemis\u00fchingu kirjaoskust toetav projekt. Toetajad: NordPlusBritish, Council, Tallinna Kodurahu, MT\u00dc Hooling","og_url":"https:\/\/lugemispesa.eu\/ru\/info\/kontaktid-ja-toetajad\/","og_site_name":"\u0427\u0438\u0442\u0430\u0442\u0435\u043b\u044c\u0441\u043a\u043e\u0435 \u0413\u043d\u0435\u0437\u0434\u043e","article_modified_time":"2021-02-01T01:04:19+00:00","og_image":[{"width":1056,"height":1056,"url":"https:\/\/lugemispesa.eu\/ru\/wp-content\/uploads\/2020\/12\/cropped-LUGEMISPESA-00.png","type":"image\/png"}],"twitter_card":"summary_large_image","twitter_misc":{"Est. reading time":"1 minute"},"schema":{"@context":"https:\/\/schema.org","@graph":[{"@type":"WebPage","@id":"https:\/\/lugemispesa.eu\/ru\/info\/kontaktid-ja-toetajad\/","url":"https:\/\/lugemispesa.eu\/ru\/info\/kontaktid-ja-toetajad\/","name":"Lugemispesa kontaktid, toetajad ja koost\u00f6\u00f6partnerid","isPartOf":{"@id":"https:\/\/lugemispesa.eu\/ru\/#website"},"datePublished":"2021-01-15T10:52:34+00:00","dateModified":"2021-02-01T01:04:19+00:00","description":"Lugemispesa on Eesti Lugemis\u00fchingu kirjaoskust toetav projekt. Toetajad: NordPlusBritish, Council, Tallinna Kodurahu, MT\u00dc Hooling","breadcrumb":{"@id":"https:\/\/lugemispesa.eu\/ru\/info\/kontaktid-ja-toetajad\/#breadcrumb"},"inLanguage":"en-US","potentialAction":[{"@type":"ReadAction","target":["https:\/\/lugemispesa.eu\/ru\/info\/kontaktid-ja-toetajad\/"]}]},{"@type":"BreadcrumbList","@id":"https:\/\/lugemispesa.eu\/ru\/info\/kontaktid-ja-toetajad\/#breadcrumb","itemListElement":[{"@type":"ListItem","position":1,"name":"Home","item":"https:\/\/lugemispesa.eu\/ru\/"},{"@type":"ListItem","position":2,"name":"INFO","item":"https:\/\/lugemispesa.eu\/ru\/info\/"},{"@type":"ListItem","position":3,"name":"KONTAKTID JA TOETAJAD"}]},{"@type":"WebSite","@id":"https:\/\/lugemispesa.eu\/ru\/#website","url":"https:\/\/lugemispesa.eu\/ru\/","name":"\u0427\u0438\u0442\u0430\u0442\u0435\u043b\u044c\u0441\u043a\u043e\u0435 \u0413\u043d\u0435\u0437\u0434\u043e","description":"\u041f\u0440\u043e\u0435\u043a\u0442 \u042d\u0441\u0442\u043e\u043d\u0441\u043a\u043e\u0433\u043e \u043e\u0431\u0449\u0435\u0441\u0442\u0432\u0430 \u0447\u0442\u0435\u043d\u0438\u044f \u00abLugemispes\u0430\u00bb \u0431\u044b\u043b \u0437\u0430\u043f\u0443\u0449\u0435\u043d \u0432 2004 \u0433\u043e\u0434\u0443 \u0434\u043b\u044f \u0442\u043e\u0433\u043e\u0434\u0430\u0442\u044c \u0443\u0447\u0438\u0442\u0435\u043b\u044f\u043c \u043d\u043e\u0432\u044b\u0435 \u0437\u043d\u0430\u043d\u0438\u044f \u0438 \u043d\u0430\u0432\u044b\u043a\u0438, \u043a\u0430\u043a \u0441\u0434\u0435\u043b\u0430\u0442\u044c \u0447\u0442\u0435\u043d\u0438\u0435 \u0438\u043d\u0442\u0435\u0440\u0435\u0441\u043d\u044b\u043c \u0434\u043b\u044f \u0434\u0435\u0442\u0435\u0439.","publisher":{"@id":"https:\/\/lugemispesa.eu\/ru\/#organization"},"potentialAction":[{"@type":"SearchAction","target":{"@type":"EntryPoint","urlTemplate":"https:\/\/lugemispesa.eu\/ru\/?s={search_term_string}"},"query-input":"required name=search_term_string"}],"inLanguage":"en-US"},{"@type":"Organization","@id":"https:\/\/lugemispesa.eu\/ru\/#organization","name":"\u0427\u0438\u0442\u0430\u0442\u0435\u043b\u044c\u0441\u043a\u043e\u0435 \u0413\u043d\u0435\u0437\u0434\u043e","url":"https:\/\/lugemispesa.eu\/ru\/","logo":{"@type":"ImageObject","inLanguage":"en-US","@id":"https:\/\/lugemispesa.eu\/ru\/#\/schema\/logo\/image\/","url":"https:\/\/lugemispesa.eu\/ru\/wp-content\/uploads\/2020\/12\/cropped-LUGEMISPESA-00.png","contentUrl":"https:\/\/lugemispesa.eu\/ru\/wp-content\/uploads\/2020\/12\/cropped-LUGEMISPESA-00.png","width":1056,"height":1056,"caption":"\u0427\u0438\u0442\u0430\u0442\u0435\u043b\u044c\u0441\u043a\u043e\u0435 \u0413\u043d\u0435\u0437\u0434\u043e"},"image":{"@id":"https:\/\/lugemispesa.eu\/ru\/#\/schema\/logo\/image\/"}}]}},"_links":{"self":[{"href":"https:\/\/lugemispesa.eu\/ru\/wp-json\/wp\/v2\/pages\/191"}],"collection":[{"href":"https:\/\/lugemispesa.eu\/ru\/wp-json\/wp\/v2\/pages"}],"about":[{"href":"https:\/\/lugemispesa.eu\/ru\/wp-json\/wp\/v2\/types\/page"}],"author":[{"embeddable":true,"href":"https:\/\/lugemispesa.eu\/ru\/wp-json\/wp\/v2\/users\/1"}],"replies":[{"embeddable":true,"href":"https:\/\/lugemispesa.eu\/ru\/wp-json\/wp\/v2\/comments?post=191"}],"version-history":[{"count":5,"href":"https:\/\/lugemispesa.eu\/ru\/wp-json\/wp\/v2\/pages\/191\/revisions"}],"predecessor-version":[{"id":358,"href":"https:\/\/lugemispesa.eu\/ru\/wp-json\/wp\/v2\/pages\/191\/revisions\/358"}],"up":[{"embeddable":true,"href":"https:\/\/lugemispesa.eu\/ru\/wp-json\/wp\/v2\/pages\/180"}],"wp:featuredmedia":[{"embeddable":true,"href":"https:\/\/lugemispesa.eu\/ru\/wp-json\/wp\/v2\/media\/40"}],"wp:attachment":[{"href":"https:\/\/lugemispesa.eu\/ru\/wp-json\/wp\/v2\/media?parent=191"}],"curies":[{"name":"wp","href":"https:\/\/api.w.org\/{rel}","templated":true}]}}