{"id":94,"date":"2021-01-02T01:40:21","date_gmt":"2021-01-02T01:40:21","guid":{"rendered":"http:\/\/lugemispesa.eu\/eng\/?page_id=94"},"modified":"2021-02-01T03:34:54","modified_gmt":"2021-02-01T03:34:54","slug":"lugemismangud","status":"publish","type":"page","link":"https:\/\/lugemispesa.eu\/eng\/videod\/lugemismangud\/","title":{"rendered":"LUGEMISM\u00c4NGUD"},"content":{"rendered":"<div id=\"pl-94\"  class=\"panel-layout\" ><div id=\"pg-94-0\"  class=\"panel-grid panel-no-style\" ><div id=\"pgc-94-0-0\"  class=\"panel-grid-cell panel-grid-cell-empty panel-grid-cell-mobile-last\" ><\/div><div id=\"pgc-94-0-1\"  class=\"panel-grid-cell panel-grid-cell-empty\" ><\/div><\/div><div id=\"pg-94-1\"  class=\"panel-grid panel-no-style\" ><div id=\"pgc-94-1-0\"  class=\"panel-grid-cell panel-grid-cell-empty\" ><\/div><div id=\"pgc-94-1-1\"  class=\"panel-grid-cell panel-grid-cell-mobile-last\" ><div id=\"panel-94-1-1-0\" class=\"so-panel widget widget_black-studio-tinymce widget_black_studio_tinymce panel-first-child panel-last-child\" data-index=\"0\" ><div class=\"textwidget\"><h2 style=\"text-align: center;\"><span style=\"color: #333399;\">READING GAMES<br \/>\n<\/span><\/h2>\n<p><div class=\"galery_video_view9_cont_list\"\n     id=\"galery_video_view9_cont_list5\"\n     data-gallery-video-perpage=\"5\" data-gallery-video-id=\"5\">\n\t<div id=\"origincode_gallery_video_view9_cont_list5\" class=\"origincode_gallery_video_view9_cont_list view-blog-style-gallery\">\n\t\t<input type=\"hidden\" id=\"total\" value=\"1\"\/>\n\t\t\t\t\t\t<div class=\"video_view9_container\">\n\t\t\t\t\t<input type=\"hidden\" class=\"pagenum\" value=\"1\"\/>\n\t\t\t\t\t<h1 class=\"video_new_view_title\">Letter Bingo<\/h1>\n\t\t\t\t\t<div class=\"video_new_view_desc\">Letter Bingo is a reading game which is played by four players using the common rules of Bingo. Letters are placed in the middle of the table, children take turns to pick a letter and name it\/point at it, and all players look for this letter on their game boards. The first child to find the letter, takes it and places it on the correct cell on their board. \r\nAims: The child can recognise and name letters (4-5 yrs.). \r\nResources: the game is made by an adult.\r\n<\/div>\n\t\t\t\t\t<div class=\"video_view9_vid_wrapper\" data-id=\"81\">\n\t\t\t\t\t\t\t\t\t\t\t\t<div id=\"thevideo\" style=\"display: block;\">\n\t\t\t\t\t\t\t\t\t\t\t\t\t\t\t<iframe class=\"video_view9_img \"\n\t\t\t\t\t\t\t\t        width=\"100%\"\n\t\t\t\t\t\t\t\t        height=\"100%\"\n\t\t\t\t\t\t\t\t        src=\"\/\/www.youtube.com\/embed\/G2lckSVff70\" style=\"border: 0;\"\n\t\t\t\t\t\t\t\t        allowfullscreen><\/iframe>\n\t\t\t\t\t\t\t\t\t\t\t\t\t\t<\/div>\n\t\t\t\t\t<\/div>\n\t\t\t\t<\/div>\n\t\t\t\t<div class=\"clear\"><\/div>\n\t\t\t\t\t\t\t\t<div class=\"video_view9_container\">\n\t\t\t\t\t<input type=\"hidden\" class=\"pagenum\" value=\"1\"\/>\n\t\t\t\t\t<h1 class=\"video_new_view_title\">We Write Words<\/h1>\n\t\t\t\t\t<div class=\"video_new_view_desc\">Reading game \u201cWe Write Words\u201d \r\nDifferent words are written on ice lolly sticks, the words have certain purpose (e.g. words containing a particular letter, three-letter words, words with a particular first letter etc.). Different words are written on ice lolly sticks, the words have certain purpose (e.g. words containing a particular letter, three-letter words, words with a particular first letter etc). Children use magnetic letter tiles and place the tiles on the lid of a metal box to create words.\r\nAims: The child is able to distinguish the first sound in the word, can recognise and name letters (4-6 yrs.).\r\nResources: magnetic letter tiles, a metal box (re-use of biscuit and chocolate boxes), lolly sticks with words.<\/div>\n\t\t\t\t\t<div class=\"video_view9_vid_wrapper\" data-id=\"80\">\n\t\t\t\t\t\t\t\t\t\t\t\t<div id=\"thevideo\" style=\"display: block;\">\n\t\t\t\t\t\t\t\t\t\t\t\t\t\t\t<iframe class=\"video_view9_img \"\n\t\t\t\t\t\t\t\t        width=\"100%\"\n\t\t\t\t\t\t\t\t        height=\"100%\"\n\t\t\t\t\t\t\t\t        src=\"\/\/www.youtube.com\/embed\/JfkMnKDubKY\" style=\"border: 0;\"\n\t\t\t\t\t\t\t\t        allowfullscreen><\/iframe>\n\t\t\t\t\t\t\t\t\t\t\t\t\t\t<\/div>\n\t\t\t\t\t<\/div>\n\t\t\t\t<\/div>\n\t\t\t\t<div class=\"clear\"><\/div>\n\t\t\t\t\t\t\t\t<div class=\"video_view9_container\">\n\t\t\t\t\t<input type=\"hidden\" class=\"pagenum\" value=\"1\"\/>\n\t\t\t\t\t<h1 class=\"video_new_view_title\">Chestnut letters<\/h1>\n\t\t\t\t\t<div class=\"video_new_view_desc\">Chestnuts (conkers) are placed along the lines of pre-drawn letters, alternatively only conkers are used to form letters. NB! Many other things can be used, such as soft balls, cones, pebbles, etc.\r\nAims: The child can recognise and name letters (3-6 yrs.).\r\nResources: conkers, pre-drawn letters.<\/div>\n\t\t\t\t\t<div class=\"video_view9_vid_wrapper\" data-id=\"79\">\n\t\t\t\t\t\t\t\t\t\t\t\t<div id=\"thevideo\" style=\"display: block;\">\n\t\t\t\t\t\t\t\t\t\t\t\t\t\t\t<iframe class=\"video_view9_img \"\n\t\t\t\t\t\t\t\t        width=\"100%\"\n\t\t\t\t\t\t\t\t        height=\"100%\"\n\t\t\t\t\t\t\t\t        src=\"\/\/www.youtube.com\/embed\/dki21k3-V1w\" style=\"border: 0;\"\n\t\t\t\t\t\t\t\t        allowfullscreen><\/iframe>\n\t\t\t\t\t\t\t\t\t\t\t\t\t\t<\/div>\n\t\t\t\t\t<\/div>\n\t\t\t\t<\/div>\n\t\t\t\t<div class=\"clear\"><\/div>\n\t\t\t\t\t\t\t\t<div class=\"video_view9_container\">\n\t\t\t\t\t<input type=\"hidden\" class=\"pagenum\" value=\"1\"\/>\n\t\t\t\t\t<h1 class=\"video_new_view_title\">Find the First Letter<\/h1>\n\t\t\t\t\t<div class=\"video_new_view_desc\">Reading game with clothes pegs \u201cFind the First Letter\u201d There are three letters, the child has to choose the first letter of the item or creature depicted in the picture, and attach the clothes peg to this letter.\r\nAims: The child distinguishes the first sound of the word (5-6 yrs.).\r\nResources: cards with a picture and three letters, clothes pegs.<\/div>\n\t\t\t\t\t<div class=\"video_view9_vid_wrapper\" data-id=\"78\">\n\t\t\t\t\t\t\t\t\t\t\t\t<div id=\"thevideo\" style=\"display: block;\">\n\t\t\t\t\t\t\t\t\t\t\t\t\t\t\t<iframe class=\"video_view9_img \"\n\t\t\t\t\t\t\t\t        width=\"100%\"\n\t\t\t\t\t\t\t\t        height=\"100%\"\n\t\t\t\t\t\t\t\t        src=\"\/\/www.youtube.com\/embed\/fsTwea7u28o\" style=\"border: 0;\"\n\t\t\t\t\t\t\t\t        allowfullscreen><\/iframe>\n\t\t\t\t\t\t\t\t\t\t\t\t\t\t<\/div>\n\t\t\t\t\t<\/div>\n\t\t\t\t<\/div>\n\t\t\t\t<div class=\"clear\"><\/div>\n\t\t\t\t\t<\/div>\n\t\n<\/div><style>\n.video_view9_container:nth-last-child(3){\n    margin-bottom: 0 !important;\n    padding-bottom: 0 !important;\n    border:none !important;\n\n}\n.video_view9_container{\n    width: 70%;\n    float:none;\nmargin:0 auto;;\n    margin-bottom: 5px !important;\n    padding-bottom: 5px !important;\n    border-bottom:  2px\n\n    dotted #010457;\n}\n.video_new_view_title{\n    font-size:18px !important;\n    color:#010457 !important;\n;\ntext-align:justify;;\n    background-color:#CBF2C8 !important;\n;\n}\n.video_new_view_desc ul{\n    list-style-type: none;\n}\n.video_new_view_desc{\n    margin-top: 15px;\n    line-height: 1.5;\n    font-size:16px !important;\n    color:#0D0402 !important;\n;\ntext-align:justify;;\n    background-color:#EBFFDE !important;\nopacity:0.6;;\n}\n.paginate{\n    font-size:22px !important;\n    color:#1046B3 !important;\n    text-align: center;\n}\n.paginate a{\n    border-bottom: none !important;\n    box-shadow: none !important;\n}\n.icon-style{\n    font-size: 18px !important;\n    color:#1046B3 !important;\n}\n.clear{\n    clear:both;\n}\n.video_view9_img{\n    display:block;\n    margin: 0 auto;\n}\n.video_view9_vid_wrapper .thumb_wrapper{\n    width: 100%;\n    height: 100%;\n}\n.video_view9_vid_wrapper #thevideo{\n    position: absolute;\n    top: 0;\n    width: 100%;\n    height: 100%;\n}\n.video_view9_vid_wrapper{\n    \/*width: px;\n    height: px;*\/\n    width: 100%;\n    position: relative;\n    margin-bottom: 15px;\n    display: inline-block;\n    float:left;\n    left: 50%;\n    transform: translateX(-50%);\n    max-width: 99%;\n}\n.video_view9_vid_wrapper iframe{\n    opacity: 1;\n    cursor: pointer;\n    max-width:100%;\n    max-height: 100%;\n}\n.video_view9_vid_wrapper iframe.iframe-thumb{\n    opacity: 0;\n}\n.thumb_image{\n    position: absolute;\n    width: 100%;\n    height: 100% !important;\n    z-index: 10;\n}\n.youtube-icon {background:url(https:\/\/www.lugemispesa.eu\/eng\/wp-content\/plugins\/smart-grid-gallery\/assets\/images\/admin_images\/play.youtube.png) center center no-repeat;}\n.vimeo-icon {background:url(https:\/\/www.lugemispesa.eu\/eng\/wp-content\/plugins\/smart-grid-gallery\/assets\/images\/admin_images\/play.vimeo.png) center center no-repeat;}\n.playbutton{\n    width: 100%;\n    height: 100%;\n    position: absolute;\n    z-index: 11;\n}\n\n.load_more {\n    margin: 10px 0;\n    position:relative;\n    text-align:center;\n\n    width:100%;\n\n\n}\n\n.load_more_button {\n    border-radius: 10px;\n    display:inline-block;\n    padding:5px 15px;\n    font-size:19px !important;\n    color:#FFFFFF !important;\n    background:#5CADFF !important;\n    cursor:pointer;\n    margin-top: 15px;\n\n}\n.load_more_button:hover{\n    color:#D9D9D9 !important;\n    background:#8F827C !important;\n}\n.loading {\n    display:none;\n}\n\n<\/style><\/p>\n<\/div><\/div><\/div><div id=\"pgc-94-1-2\"  class=\"panel-grid-cell panel-grid-cell-empty\" ><\/div><\/div><\/div>","protected":false},"excerpt":{"rendered":"<p>READING GAMES<\/p>\n","protected":false},"author":1,"featured_media":40,"parent":46,"menu_order":0,"comment_status":"closed","ping_status":"closed","template":"elementor_header_footer","meta":{"footnotes":""},"yoast_head":"<!-- This site is optimized with the Yoast SEO plugin v21.2 - https:\/\/yoast.com\/wordpress\/plugins\/seo\/ -->\n<title>Lugemispesa lugemism\u00e4ngud - videod, m\u00e4ngude tutvustused ja juhendid<\/title>\n<meta name=\"description\" content=\"Siin saad tutvuda erinevate lugemism\u00e4ngudega. Vaata kuidas erinevaid lugemism\u00e4nge m\u00e4ngitakse, \u00f5pi neid m\u00e4ngima ja ka ise valmistama.\" \/>\n<meta name=\"robots\" content=\"index, follow, max-snippet:-1, max-image-preview:large, max-video-preview:-1\" \/>\n<link rel=\"canonical\" href=\"https:\/\/lugemispesa.eu\/eng\/videod\/lugemismangud\/\" \/>\n<meta property=\"og:locale\" content=\"en_US\" \/>\n<meta property=\"og:type\" content=\"article\" \/>\n<meta property=\"og:title\" content=\"Lugemispesa lugemism\u00e4ngud - videod, m\u00e4ngude tutvustused ja juhendid\" \/>\n<meta property=\"og:description\" content=\"Siin saad tutvuda erinevate lugemism\u00e4ngudega. Vaata kuidas erinevaid lugemism\u00e4nge m\u00e4ngitakse, \u00f5pi neid m\u00e4ngima ja ka ise valmistama.\" \/>\n<meta property=\"og:url\" content=\"https:\/\/lugemispesa.eu\/eng\/videod\/lugemismangud\/\" \/>\n<meta property=\"og:site_name\" content=\"Reading Nest\" \/>\n<meta property=\"article:modified_time\" content=\"2021-02-01T03:34:54+00:00\" \/>\n<meta property=\"og:image\" content=\"https:\/\/www.lugemispesa.eu\/eng\/wp-content\/uploads\/2020\/12\/cropped-LUGEMISPESA-00.png\" \/>\n\t<meta property=\"og:image:width\" content=\"1056\" \/>\n\t<meta property=\"og:image:height\" content=\"1056\" \/>\n\t<meta property=\"og:image:type\" content=\"image\/png\" \/>\n<meta name=\"twitter:card\" content=\"summary_large_image\" \/>\n<meta name=\"twitter:label1\" content=\"Est. reading time\" \/>\n\t<meta name=\"twitter:data1\" content=\"2 minutes\" \/>\n<script type=\"application\/ld+json\" class=\"yoast-schema-graph\">{\"@context\":\"https:\/\/schema.org\",\"@graph\":[{\"@type\":\"WebPage\",\"@id\":\"https:\/\/lugemispesa.eu\/eng\/videod\/lugemismangud\/\",\"url\":\"https:\/\/lugemispesa.eu\/eng\/videod\/lugemismangud\/\",\"name\":\"Lugemispesa lugemism\u00e4ngud - videod, m\u00e4ngude tutvustused ja juhendid\",\"isPartOf\":{\"@id\":\"https:\/\/lugemispesa.eu\/eng\/#website\"},\"datePublished\":\"2021-01-02T01:40:21+00:00\",\"dateModified\":\"2021-02-01T03:34:54+00:00\",\"description\":\"Siin saad tutvuda erinevate lugemism\u00e4ngudega. Vaata kuidas erinevaid lugemism\u00e4nge m\u00e4ngitakse, \u00f5pi neid m\u00e4ngima ja ka ise valmistama.\",\"breadcrumb\":{\"@id\":\"https:\/\/lugemispesa.eu\/eng\/videod\/lugemismangud\/#breadcrumb\"},\"inLanguage\":\"en-US\",\"potentialAction\":[{\"@type\":\"ReadAction\",\"target\":[\"https:\/\/lugemispesa.eu\/eng\/videod\/lugemismangud\/\"]}]},{\"@type\":\"BreadcrumbList\",\"@id\":\"https:\/\/lugemispesa.eu\/eng\/videod\/lugemismangud\/#breadcrumb\",\"itemListElement\":[{\"@type\":\"ListItem\",\"position\":1,\"name\":\"Home\",\"item\":\"https:\/\/lugemispesa.eu\/eng\/\"},{\"@type\":\"ListItem\",\"position\":2,\"name\":\"VIDEOD\",\"item\":\"https:\/\/www.lugemispesa.eu\/eng\/videod\/\"},{\"@type\":\"ListItem\",\"position\":3,\"name\":\"LUGEMISM\u00c4NGUD\"}]},{\"@type\":\"WebSite\",\"@id\":\"https:\/\/lugemispesa.eu\/eng\/#website\",\"url\":\"https:\/\/lugemispesa.eu\/eng\/\",\"name\":\"Reading Nest\",\"description\":\"A reading nest is a place in a room, in which it is nice and cosy to explore books, read, play reading games and make one\u2019s own books.\",\"publisher\":{\"@id\":\"https:\/\/lugemispesa.eu\/eng\/#organization\"},\"potentialAction\":[{\"@type\":\"SearchAction\",\"target\":{\"@type\":\"EntryPoint\",\"urlTemplate\":\"https:\/\/lugemispesa.eu\/eng\/?s={search_term_string}\"},\"query-input\":\"required name=search_term_string\"}],\"inLanguage\":\"en-US\"},{\"@type\":\"Organization\",\"@id\":\"https:\/\/lugemispesa.eu\/eng\/#organization\",\"name\":\"Reading Nest\",\"url\":\"https:\/\/lugemispesa.eu\/eng\/\",\"logo\":{\"@type\":\"ImageObject\",\"inLanguage\":\"en-US\",\"@id\":\"https:\/\/lugemispesa.eu\/eng\/#\/schema\/logo\/image\/\",\"url\":\"https:\/\/www.lugemispesa.eu\/eng\/wp-content\/uploads\/2020\/12\/cropped-LUGEMISPESA-00.png\",\"contentUrl\":\"https:\/\/www.lugemispesa.eu\/eng\/wp-content\/uploads\/2020\/12\/cropped-LUGEMISPESA-00.png\",\"width\":1056,\"height\":1056,\"caption\":\"Reading Nest\"},\"image\":{\"@id\":\"https:\/\/lugemispesa.eu\/eng\/#\/schema\/logo\/image\/\"}}]}<\/script>\n<!-- \/ Yoast SEO plugin. -->","yoast_head_json":{"title":"Lugemispesa lugemism\u00e4ngud - videod, m\u00e4ngude tutvustused ja juhendid","description":"Siin saad tutvuda erinevate lugemism\u00e4ngudega. Vaata kuidas erinevaid lugemism\u00e4nge m\u00e4ngitakse, \u00f5pi neid m\u00e4ngima ja ka ise valmistama.","robots":{"index":"index","follow":"follow","max-snippet":"max-snippet:-1","max-image-preview":"max-image-preview:large","max-video-preview":"max-video-preview:-1"},"canonical":"https:\/\/lugemispesa.eu\/eng\/videod\/lugemismangud\/","og_locale":"en_US","og_type":"article","og_title":"Lugemispesa lugemism\u00e4ngud - videod, m\u00e4ngude tutvustused ja juhendid","og_description":"Siin saad tutvuda erinevate lugemism\u00e4ngudega. Vaata kuidas erinevaid lugemism\u00e4nge m\u00e4ngitakse, \u00f5pi neid m\u00e4ngima ja ka ise valmistama.","og_url":"https:\/\/lugemispesa.eu\/eng\/videod\/lugemismangud\/","og_site_name":"Reading Nest","article_modified_time":"2021-02-01T03:34:54+00:00","og_image":[{"width":1056,"height":1056,"url":"https:\/\/www.lugemispesa.eu\/eng\/wp-content\/uploads\/2020\/12\/cropped-LUGEMISPESA-00.png","type":"image\/png"}],"twitter_card":"summary_large_image","twitter_misc":{"Est. reading time":"2 minutes"},"schema":{"@context":"https:\/\/schema.org","@graph":[{"@type":"WebPage","@id":"https:\/\/lugemispesa.eu\/eng\/videod\/lugemismangud\/","url":"https:\/\/lugemispesa.eu\/eng\/videod\/lugemismangud\/","name":"Lugemispesa lugemism\u00e4ngud - videod, m\u00e4ngude tutvustused ja juhendid","isPartOf":{"@id":"https:\/\/lugemispesa.eu\/eng\/#website"},"datePublished":"2021-01-02T01:40:21+00:00","dateModified":"2021-02-01T03:34:54+00:00","description":"Siin saad tutvuda erinevate lugemism\u00e4ngudega. Vaata kuidas erinevaid lugemism\u00e4nge m\u00e4ngitakse, \u00f5pi neid m\u00e4ngima ja ka ise valmistama.","breadcrumb":{"@id":"https:\/\/lugemispesa.eu\/eng\/videod\/lugemismangud\/#breadcrumb"},"inLanguage":"en-US","potentialAction":[{"@type":"ReadAction","target":["https:\/\/lugemispesa.eu\/eng\/videod\/lugemismangud\/"]}]},{"@type":"BreadcrumbList","@id":"https:\/\/lugemispesa.eu\/eng\/videod\/lugemismangud\/#breadcrumb","itemListElement":[{"@type":"ListItem","position":1,"name":"Home","item":"https:\/\/lugemispesa.eu\/eng\/"},{"@type":"ListItem","position":2,"name":"VIDEOD","item":"https:\/\/www.lugemispesa.eu\/eng\/videod\/"},{"@type":"ListItem","position":3,"name":"LUGEMISM\u00c4NGUD"}]},{"@type":"WebSite","@id":"https:\/\/lugemispesa.eu\/eng\/#website","url":"https:\/\/lugemispesa.eu\/eng\/","name":"Reading Nest","description":"A reading nest is a place in a room, in which it is nice and cosy to explore books, read, play reading games and make one\u2019s own books.","publisher":{"@id":"https:\/\/lugemispesa.eu\/eng\/#organization"},"potentialAction":[{"@type":"SearchAction","target":{"@type":"EntryPoint","urlTemplate":"https:\/\/lugemispesa.eu\/eng\/?s={search_term_string}"},"query-input":"required name=search_term_string"}],"inLanguage":"en-US"},{"@type":"Organization","@id":"https:\/\/lugemispesa.eu\/eng\/#organization","name":"Reading Nest","url":"https:\/\/lugemispesa.eu\/eng\/","logo":{"@type":"ImageObject","inLanguage":"en-US","@id":"https:\/\/lugemispesa.eu\/eng\/#\/schema\/logo\/image\/","url":"https:\/\/www.lugemispesa.eu\/eng\/wp-content\/uploads\/2020\/12\/cropped-LUGEMISPESA-00.png","contentUrl":"https:\/\/www.lugemispesa.eu\/eng\/wp-content\/uploads\/2020\/12\/cropped-LUGEMISPESA-00.png","width":1056,"height":1056,"caption":"Reading Nest"},"image":{"@id":"https:\/\/lugemispesa.eu\/eng\/#\/schema\/logo\/image\/"}}]}},"_links":{"self":[{"href":"https:\/\/lugemispesa.eu\/eng\/wp-json\/wp\/v2\/pages\/94"}],"collection":[{"href":"https:\/\/lugemispesa.eu\/eng\/wp-json\/wp\/v2\/pages"}],"about":[{"href":"https:\/\/lugemispesa.eu\/eng\/wp-json\/wp\/v2\/types\/page"}],"author":[{"embeddable":true,"href":"https:\/\/lugemispesa.eu\/eng\/wp-json\/wp\/v2\/users\/1"}],"replies":[{"embeddable":true,"href":"https:\/\/lugemispesa.eu\/eng\/wp-json\/wp\/v2\/comments?post=94"}],"version-history":[{"count":5,"href":"https:\/\/lugemispesa.eu\/eng\/wp-json\/wp\/v2\/pages\/94\/revisions"}],"predecessor-version":[{"id":363,"href":"https:\/\/lugemispesa.eu\/eng\/wp-json\/wp\/v2\/pages\/94\/revisions\/363"}],"up":[{"embeddable":true,"href":"https:\/\/lugemispesa.eu\/eng\/wp-json\/wp\/v2\/pages\/46"}],"wp:featuredmedia":[{"embeddable":true,"href":"https:\/\/lugemispesa.eu\/eng\/wp-json\/wp\/v2\/media\/40"}],"wp:attachment":[{"href":"https:\/\/lugemispesa.eu\/eng\/wp-json\/wp\/v2\/media?parent=94"}],"curies":[{"name":"wp","href":"https:\/\/api.w.org\/{rel}","templated":true}]}}