{"id":191,"date":"2021-01-15T10:52:34","date_gmt":"2021-01-15T10:52:34","guid":{"rendered":"http:\/\/lugemispesa.eu\/eng\/?page_id=191"},"modified":"2021-02-01T03:21:46","modified_gmt":"2021-02-01T03:21:46","slug":"kontaktid-ja-toetajad","status":"publish","type":"page","link":"https:\/\/lugemispesa.eu\/eng\/info\/kontaktid-ja-toetajad\/","title":{"rendered":"KONTAKTID JA TOETAJAD"},"content":{"rendered":"<div id=\"pl-191\"  class=\"panel-layout\" ><div id=\"pg-191-0\"  class=\"panel-grid panel-no-style\" ><div id=\"pgc-191-0-0\"  class=\"panel-grid-cell panel-grid-cell-empty panel-grid-cell-mobile-last\" ><\/div><div id=\"pgc-191-0-1\"  class=\"panel-grid-cell panel-grid-cell-empty\" ><\/div><\/div><div id=\"pg-191-1\"  class=\"panel-grid panel-no-style\" ><div id=\"pgc-191-1-0\"  class=\"panel-grid-cell panel-grid-cell-empty\" ><\/div><div id=\"pgc-191-1-1\"  class=\"panel-grid-cell panel-grid-cell-mobile-last\" ><div id=\"panel-191-1-1-0\" class=\"so-panel widget widget_black-studio-tinymce widget_black_studio_tinymce panel-first-child panel-last-child\" data-index=\"0\" ><div class=\"textwidget\"><h2 style=\"text-align: center;\">CONTACTS<\/h2>\n<h3 style=\"text-align: center;\"><\/h3>\n<h4 style=\"text-align: center;\">Estonian Reading Association<\/h4>\n<h4 style=\"text-align: center;\"><a href=\"https:\/\/www.lugemisyhing.ee\/\" target=\"_blank\" rel=\"noopener\" data-saferedirecturl=\"https:\/\/www.google.com\/url?q=https:\/\/www.lugemisyhing.ee\/&amp;source=gmail&amp;ust=1610777329673000&amp;usg=AFQjCNELyiQDpALm1OiORMQk6owEJ0bxfg\">www.lugemisyhing.ee<\/a><\/h4>\n<h4 style=\"text-align: center;\">Reading Nest is the project supporting literacy of the Estonian Reading Association<\/h4>\n<p>&nbsp;<\/p>\n<p><img class=\"aligncenter size-thumbnail wp-image-160\" src=\"http:\/\/lugemispesa.eu\/eng\/wp-content\/uploads\/2021\/01\/LUGEMISPESA-350x350-1-150x150.png\" alt=\"\" width=\"150\" height=\"150\" \/><\/p>\n<h4 style=\"text-align: center;\"><\/h4>\n<h4 style=\"text-align: center;\">Meeli Pandis<\/h4>\n<h4 style=\"text-align: center;\"><em>Project manager<\/em><\/h4>\n<h4 style=\"text-align: center;\"><a href=\"mailto:meeli.pandis@gmail.com\">meeli.pandis@gmail.com<\/a><\/h4>\n<h4 style=\"text-align: center;\"><\/h4>\n<p>&nbsp;<\/p>\n<h4 style=\"text-align: center;\">Maili Liinev<\/h4>\n<h4 style=\"text-align: center;\"><em>Project manager<\/em><\/h4>\n<h4 style=\"text-align: center;\"><a href=\"mailto:maili@hooling.ee\">maili@hooling.ee<\/a><\/h4>\n<p>&nbsp;<\/p>\n<h4 style=\"text-align: center;\"><\/h4>\n<h4 style=\"text-align: center;\"><em>Trainers:<\/em><\/h4>\n<h4 style=\"text-align: center;\">Kadi Lukanenok<\/h4>\n<h4 style=\"text-align: center;\">Mare M\u00fc\u00fcrsepp<\/h4>\n<h4 style=\"text-align: center;\">Saima Salomon<\/h4>\n<h4 style=\"text-align: center;\">Maria J\u00fcrim\u00e4e<\/h4>\n<h4 style=\"text-align: center;\">Kaja Kivisikk<\/h4>\n<h4 style=\"text-align: center;\">Anneli Laamann<\/h4>\n<h4 style=\"text-align: center;\">Maili Liinev<\/h4>\n<p>&nbsp;<\/p>\n<h4 style=\"text-align: center;\">Lugemispesa idee autor: Meeli Pandis<\/h4>\n<h4 style=\"text-align: center;\">Lugemispesa nime autor: Made Pandis<\/h4>\n<h4 style=\"text-align: center;\">Lugemispesa logo autor: Kadi K\u00fcnnapuu<\/h4>\n<h4 style=\"text-align: center;\">Lugemispesa projektijuhid:<br \/>\nMaili Liinev, Anneli Laamann ja Kaja Kivisikk<\/h4>\n<h4 style=\"text-align: center;\">Lugemispesa viiside autor: Lennart Liinev<\/h4>\n<p>&nbsp;<\/p>\n<h4 style=\"text-align: center;\"><strong>Supporters and partners:<br \/>\n<\/strong><\/h4>\n<h4 style=\"text-align: center;\"><a href=\"https:\/\/www.nordplusonline.org\/\" target=\"_blank\" rel=\"noopener\">NordPlus<\/a><\/h4>\n<h4 style=\"text-align: center;\"><a href=\"https:\/\/www.britishcouncil.org\/\" target=\"_blank\" rel=\"noopener\">British Council<\/a><\/h4>\n<h4 style=\"text-align: center;\"><a href=\"https:\/\/www.tallinn.ee\/Teenus-Mittetulundustegevuse-toetamine-Kodurahuprogramm\" target=\"_blank\" rel=\"noopener\">Tallinna Kodurahu<\/a><\/h4>\n<h4 style=\"text-align: center;\"><a href=\"https:\/\/www.hooling.ee\/\" target=\"_blank\" rel=\"noopener\">MT\u00dc Hooling<\/a><\/h4>\n<p><div class=\"eds-animate edsanimate-sis-hidden \" data-eds-entry-animation=\"fadeInUp\" data-eds-entry-delay=\"1\" data-eds-entry-duration=\"1.5\" data-eds-entry-timing=\"linear\" data-eds-exit-animation=\"\" data-eds-exit-delay=\"\" data-eds-exit-duration=\"\" data-eds-exit-timing=\"\" data-eds-repeat-count=\"1\" data-eds-keep=\"yes\" data-eds-animate-on=\"load\" data-eds-scroll-offset=\"\"><img class=\"wp-image-216 aligncenter\" src=\"http:\/\/lugemispesa.eu\/eng\/wp-content\/uploads\/2021\/01\/Lugemispesa-toetajate-logod.png\" alt=\"\" width=\"989\" height=\"180\" \/><\/div><\/p>\n<\/div><\/div><\/div><div id=\"pgc-191-1-2\"  class=\"panel-grid-cell panel-grid-cell-empty\" ><\/div><\/div><\/div>","protected":false},"excerpt":{"rendered":"<p>CONTACTS Estonian Reading Association www.lugemisyhing.ee Reading Nest is the project supporting literacy of the Estonian Reading Association &nbsp; Meeli Pandis Project manager meeli.pandis@gmail.com &nbsp; Maili Liinev Project manager maili@hooling.ee &nbsp; Trainers: Kadi Lukanenok Mare M\u00fc\u00fcrsepp Saima Salomon Maria J\u00fcrim\u00e4e Kaja Kivisikk Anneli Laamann Maili Liinev &nbsp; Lugemispesa idee autor: Meeli Pandis Lugemispesa nime autor: Made &hellip;<\/p>\n<p class=\"read-more\"> <a class=\"\" href=\"https:\/\/lugemispesa.eu\/eng\/info\/kontaktid-ja-toetajad\/\"> <span class=\"screen-reader-text\">KONTAKTID JA TOETAJAD<\/span> Read More &raquo;<\/a><\/p>\n","protected":false},"author":1,"featured_media":40,"parent":180,"menu_order":0,"comment_status":"closed","ping_status":"closed","template":"elementor_header_footer","meta":{"footnotes":""},"yoast_head":"<!-- This site is optimized with the Yoast SEO plugin v21.2 - https:\/\/yoast.com\/wordpress\/plugins\/seo\/ -->\n<title>Lugemispesa kontaktid, toetajad ja koost\u00f6\u00f6partnerid<\/title>\n<meta name=\"description\" content=\"Lugemispesa on Eesti Lugemis\u00fchingu kirjaoskust toetav projekt. Toetajad: NordPlusBritish, Council, Tallinna Kodurahu, MT\u00dc Hooling\" \/>\n<meta name=\"robots\" content=\"index, follow, max-snippet:-1, max-image-preview:large, max-video-preview:-1\" \/>\n<link rel=\"canonical\" href=\"https:\/\/www.lugemispesa.eu\/eng\/info\/kontaktid-ja-toetajad\/\" \/>\n<meta property=\"og:locale\" content=\"en_US\" \/>\n<meta property=\"og:type\" content=\"article\" \/>\n<meta property=\"og:title\" content=\"Lugemispesa kontaktid, toetajad ja koost\u00f6\u00f6partnerid\" \/>\n<meta property=\"og:description\" content=\"Lugemispesa on Eesti Lugemis\u00fchingu kirjaoskust toetav projekt. Toetajad: NordPlusBritish, Council, Tallinna Kodurahu, MT\u00dc Hooling\" \/>\n<meta property=\"og:url\" content=\"https:\/\/www.lugemispesa.eu\/eng\/info\/kontaktid-ja-toetajad\/\" \/>\n<meta property=\"og:site_name\" content=\"Reading Nest\" \/>\n<meta property=\"article:modified_time\" content=\"2021-02-01T03:21:46+00:00\" \/>\n<meta property=\"og:image\" content=\"https:\/\/www.lugemispesa.eu\/eng\/wp-content\/uploads\/2020\/12\/cropped-LUGEMISPESA-00.png\" \/>\n\t<meta property=\"og:image:width\" content=\"1056\" \/>\n\t<meta property=\"og:image:height\" content=\"1056\" \/>\n\t<meta property=\"og:image:type\" content=\"image\/png\" \/>\n<meta name=\"twitter:card\" content=\"summary_large_image\" \/>\n<meta name=\"twitter:label1\" content=\"Est. reading time\" \/>\n\t<meta name=\"twitter:data1\" content=\"1 minute\" \/>\n<script type=\"application\/ld+json\" class=\"yoast-schema-graph\">{\"@context\":\"https:\/\/schema.org\",\"@graph\":[{\"@type\":\"WebPage\",\"@id\":\"https:\/\/www.lugemispesa.eu\/eng\/info\/kontaktid-ja-toetajad\/\",\"url\":\"https:\/\/www.lugemispesa.eu\/eng\/info\/kontaktid-ja-toetajad\/\",\"name\":\"Lugemispesa kontaktid, toetajad ja koost\u00f6\u00f6partnerid\",\"isPartOf\":{\"@id\":\"https:\/\/www.lugemispesa.eu\/eng\/#website\"},\"datePublished\":\"2021-01-15T10:52:34+00:00\",\"dateModified\":\"2021-02-01T03:21:46+00:00\",\"description\":\"Lugemispesa on Eesti Lugemis\u00fchingu kirjaoskust toetav projekt. Toetajad: NordPlusBritish, Council, Tallinna Kodurahu, MT\u00dc Hooling\",\"breadcrumb\":{\"@id\":\"https:\/\/www.lugemispesa.eu\/eng\/info\/kontaktid-ja-toetajad\/#breadcrumb\"},\"inLanguage\":\"en-US\",\"potentialAction\":[{\"@type\":\"ReadAction\",\"target\":[\"https:\/\/www.lugemispesa.eu\/eng\/info\/kontaktid-ja-toetajad\/\"]}]},{\"@type\":\"BreadcrumbList\",\"@id\":\"https:\/\/www.lugemispesa.eu\/eng\/info\/kontaktid-ja-toetajad\/#breadcrumb\",\"itemListElement\":[{\"@type\":\"ListItem\",\"position\":1,\"name\":\"Home\",\"item\":\"https:\/\/www.lugemispesa.eu\/eng\/\"},{\"@type\":\"ListItem\",\"position\":2,\"name\":\"INFO\",\"item\":\"https:\/\/www.lugemispesa.eu\/eng\/info\/\"},{\"@type\":\"ListItem\",\"position\":3,\"name\":\"KONTAKTID JA TOETAJAD\"}]},{\"@type\":\"WebSite\",\"@id\":\"https:\/\/www.lugemispesa.eu\/eng\/#website\",\"url\":\"https:\/\/www.lugemispesa.eu\/eng\/\",\"name\":\"Reading Nest\",\"description\":\"A reading nest is a place in a room, in which it is nice and cosy to explore books, read, play reading games and make one\u2019s own books.\",\"publisher\":{\"@id\":\"https:\/\/www.lugemispesa.eu\/eng\/#organization\"},\"potentialAction\":[{\"@type\":\"SearchAction\",\"target\":{\"@type\":\"EntryPoint\",\"urlTemplate\":\"https:\/\/www.lugemispesa.eu\/eng\/?s={search_term_string}\"},\"query-input\":\"required name=search_term_string\"}],\"inLanguage\":\"en-US\"},{\"@type\":\"Organization\",\"@id\":\"https:\/\/www.lugemispesa.eu\/eng\/#organization\",\"name\":\"Reading Nest\",\"url\":\"https:\/\/www.lugemispesa.eu\/eng\/\",\"logo\":{\"@type\":\"ImageObject\",\"inLanguage\":\"en-US\",\"@id\":\"https:\/\/www.lugemispesa.eu\/eng\/#\/schema\/logo\/image\/\",\"url\":\"https:\/\/lugemispesa.eu\/eng\/wp-content\/uploads\/2020\/12\/cropped-LUGEMISPESA-00.png\",\"contentUrl\":\"https:\/\/lugemispesa.eu\/eng\/wp-content\/uploads\/2020\/12\/cropped-LUGEMISPESA-00.png\",\"width\":1056,\"height\":1056,\"caption\":\"Reading Nest\"},\"image\":{\"@id\":\"https:\/\/www.lugemispesa.eu\/eng\/#\/schema\/logo\/image\/\"}}]}<\/script>\n<!-- \/ Yoast SEO plugin. -->","yoast_head_json":{"title":"Lugemispesa kontaktid, toetajad ja koost\u00f6\u00f6partnerid","description":"Lugemispesa on Eesti Lugemis\u00fchingu kirjaoskust toetav projekt. Toetajad: NordPlusBritish, Council, Tallinna Kodurahu, MT\u00dc Hooling","robots":{"index":"index","follow":"follow","max-snippet":"max-snippet:-1","max-image-preview":"max-image-preview:large","max-video-preview":"max-video-preview:-1"},"canonical":"https:\/\/www.lugemispesa.eu\/eng\/info\/kontaktid-ja-toetajad\/","og_locale":"en_US","og_type":"article","og_title":"Lugemispesa kontaktid, toetajad ja koost\u00f6\u00f6partnerid","og_description":"Lugemispesa on Eesti Lugemis\u00fchingu kirjaoskust toetav projekt. Toetajad: NordPlusBritish, Council, Tallinna Kodurahu, MT\u00dc Hooling","og_url":"https:\/\/www.lugemispesa.eu\/eng\/info\/kontaktid-ja-toetajad\/","og_site_name":"Reading Nest","article_modified_time":"2021-02-01T03:21:46+00:00","og_image":[{"width":1056,"height":1056,"url":"https:\/\/www.lugemispesa.eu\/eng\/wp-content\/uploads\/2020\/12\/cropped-LUGEMISPESA-00.png","type":"image\/png"}],"twitter_card":"summary_large_image","twitter_misc":{"Est. reading time":"1 minute"},"schema":{"@context":"https:\/\/schema.org","@graph":[{"@type":"WebPage","@id":"https:\/\/www.lugemispesa.eu\/eng\/info\/kontaktid-ja-toetajad\/","url":"https:\/\/www.lugemispesa.eu\/eng\/info\/kontaktid-ja-toetajad\/","name":"Lugemispesa kontaktid, toetajad ja koost\u00f6\u00f6partnerid","isPartOf":{"@id":"https:\/\/www.lugemispesa.eu\/eng\/#website"},"datePublished":"2021-01-15T10:52:34+00:00","dateModified":"2021-02-01T03:21:46+00:00","description":"Lugemispesa on Eesti Lugemis\u00fchingu kirjaoskust toetav projekt. Toetajad: NordPlusBritish, Council, Tallinna Kodurahu, MT\u00dc Hooling","breadcrumb":{"@id":"https:\/\/www.lugemispesa.eu\/eng\/info\/kontaktid-ja-toetajad\/#breadcrumb"},"inLanguage":"en-US","potentialAction":[{"@type":"ReadAction","target":["https:\/\/www.lugemispesa.eu\/eng\/info\/kontaktid-ja-toetajad\/"]}]},{"@type":"BreadcrumbList","@id":"https:\/\/www.lugemispesa.eu\/eng\/info\/kontaktid-ja-toetajad\/#breadcrumb","itemListElement":[{"@type":"ListItem","position":1,"name":"Home","item":"https:\/\/www.lugemispesa.eu\/eng\/"},{"@type":"ListItem","position":2,"name":"INFO","item":"https:\/\/www.lugemispesa.eu\/eng\/info\/"},{"@type":"ListItem","position":3,"name":"KONTAKTID JA TOETAJAD"}]},{"@type":"WebSite","@id":"https:\/\/www.lugemispesa.eu\/eng\/#website","url":"https:\/\/www.lugemispesa.eu\/eng\/","name":"Reading Nest","description":"A reading nest is a place in a room, in which it is nice and cosy to explore books, read, play reading games and make one\u2019s own books.","publisher":{"@id":"https:\/\/www.lugemispesa.eu\/eng\/#organization"},"potentialAction":[{"@type":"SearchAction","target":{"@type":"EntryPoint","urlTemplate":"https:\/\/www.lugemispesa.eu\/eng\/?s={search_term_string}"},"query-input":"required name=search_term_string"}],"inLanguage":"en-US"},{"@type":"Organization","@id":"https:\/\/www.lugemispesa.eu\/eng\/#organization","name":"Reading Nest","url":"https:\/\/www.lugemispesa.eu\/eng\/","logo":{"@type":"ImageObject","inLanguage":"en-US","@id":"https:\/\/www.lugemispesa.eu\/eng\/#\/schema\/logo\/image\/","url":"https:\/\/lugemispesa.eu\/eng\/wp-content\/uploads\/2020\/12\/cropped-LUGEMISPESA-00.png","contentUrl":"https:\/\/lugemispesa.eu\/eng\/wp-content\/uploads\/2020\/12\/cropped-LUGEMISPESA-00.png","width":1056,"height":1056,"caption":"Reading Nest"},"image":{"@id":"https:\/\/www.lugemispesa.eu\/eng\/#\/schema\/logo\/image\/"}}]}},"_links":{"self":[{"href":"https:\/\/lugemispesa.eu\/eng\/wp-json\/wp\/v2\/pages\/191"}],"collection":[{"href":"https:\/\/lugemispesa.eu\/eng\/wp-json\/wp\/v2\/pages"}],"about":[{"href":"https:\/\/lugemispesa.eu\/eng\/wp-json\/wp\/v2\/types\/page"}],"author":[{"embeddable":true,"href":"https:\/\/lugemispesa.eu\/eng\/wp-json\/wp\/v2\/users\/1"}],"replies":[{"embeddable":true,"href":"https:\/\/lugemispesa.eu\/eng\/wp-json\/wp\/v2\/comments?post=191"}],"version-history":[{"count":5,"href":"https:\/\/lugemispesa.eu\/eng\/wp-json\/wp\/v2\/pages\/191\/revisions"}],"predecessor-version":[{"id":348,"href":"https:\/\/lugemispesa.eu\/eng\/wp-json\/wp\/v2\/pages\/191\/revisions\/348"}],"up":[{"embeddable":true,"href":"https:\/\/lugemispesa.eu\/eng\/wp-json\/wp\/v2\/pages\/180"}],"wp:featuredmedia":[{"embeddable":true,"href":"https:\/\/lugemispesa.eu\/eng\/wp-json\/wp\/v2\/media\/40"}],"wp:attachment":[{"href":"https:\/\/lugemispesa.eu\/eng\/wp-json\/wp\/v2\/media?parent=191"}],"curies":[{"name":"wp","href":"https:\/\/api.w.org\/{rel}","templated":true}]}}